{"id":11091,"date":"2025-02-16T13:32:45","date_gmt":"2025-02-16T13:32:45","guid":{"rendered":"https:\/\/rs-hemmoor.de\/neues%202025\/?page_id=11091"},"modified":"2025-02-16T13:52:34","modified_gmt":"2025-02-16T13:52:34","slug":"tourenordnung","status":"publish","type":"page","link":"https:\/\/rs-hemmoor.de\/neues%2026\/?page_id=11091","title":{"rendered":"Tourenordnung"},"content":{"rendered":"<div class=\"wp-block-image\">\n<figure class=\"aligncenter size-full is-resized\"><img loading=\"lazy\" decoding=\"async\" width=\"697\" height=\"155\" src=\"https:\/\/rs-hemmoor.de\/wp-content\/uploads\/2025\/02\/image.png\" alt=\"\" class=\"wp-image-11099\" style=\"width:229px;height:auto\" srcset=\"https:\/\/rs-hemmoor.de\/wp-content\/uploads\/2025\/02\/image.png 697w, https:\/\/rs-hemmoor.de\/wp-content\/uploads\/2025\/02\/image-300x67.png 300w\" sizes=\"auto, (max-width: 697px) 100vw, 697px\" \/><\/figure><\/div>\n\n\n<p><\/p>\n\n\n\n<hr class=\"wp-block-separator has-alpha-channel-opacity\"\/>\n\n\n\n<p class=\"has-text-align-right\">Stand 01.01.2025<\/p>\n\n\n\n<p><strong>\u00a7 1 Grunds\u00e4tzliches<\/strong><\/p>\n\n\n\n<ol class=\"wp-block-list\">\n<li>Das Angebot des Vereins umfasst Fahrradtouren unterschiedlicher Dauer und Streckenl\u00e4nge und richtet sich an Gelegenheits- und Vielfahrer gleicherma\u00dfen.<\/li>\n\n\n\n<li>Der Vorstand verabschiedet rechtzeitig vor Saisonbeginn einen Tourenplan. Der Tourenplan kann im Laufe der Zeit angepasst, erweitert oder gek\u00fcrzt werden.<\/li>\n\n\n\n<li>Bei der Durchf\u00fchrung der Touren achtet ein Tourenleiter auf Sicherheit, Geschlossenheit der Gruppe sowie Einhaltung der Stra\u00dfenverkehrsordnung. Den Weisungen des Tourenleiters ist Folge zu leisten.<\/li>\n<\/ol>\n\n\n\n<p><strong>\u00a7 2 Halbtagestouren<\/strong><\/p>\n\n\n\n<ol class=\"wp-block-list\">\n<li>Halbtagestouren umfassen Ausfahrten mit einer Dauer von ca. 2-3 Stunden und einer Streckenl\u00e4nge von ca. 20-40 Kilometern. Sie werden der Nachfrage entsprechend meist mehrfach w\u00f6chentlich zu unterschiedlichen Themen angeboten, um unterschiedlichen Anspr\u00fcchen, Interessen und K\u00f6nnen gerecht zu werden.<\/li>\n\n\n\n<li>Halbtagestouren stehen Mitgliedern und G\u00e4sten offen. G\u00e4ste sind vor Beginn der Tour vom Tourenleiter darauf hinzuweisen, dass sie auf eigenes Risiko an der Tour teilnehmen und kein Versicherungsschutz o.\u00e4. f\u00fcr sie besteht.<\/li>\n<\/ol>\n\n\n\n<p><strong>\u00a7 3 Tagestouren<\/strong><\/p>\n\n\n\n<ol class=\"wp-block-list\">\n<li>F\u00fcr die Teilnahme an Tagestouren ist eine Vereinsmitgliedschaft sowie eine rechtzeitige Anmeldung Voraussetzung.<\/li>\n\n\n\n<li>Tagestouren k\u00f6nnen mit oder ohne Teilnehmerbegrenzung ausgeschrieben sein. Die Anmeldungen werden in zeitlicher Reihenfolge auf der Teilnehmerliste notiert. Liegt eine Teilnehmerbegrenzung vor und wird diese Grenze erreicht, so werden sp\u00e4ter eingehende Anmeldungen auf einer Warteliste notiert. Sie r\u00fccken auf die Teilnehmerliste nach, sobald dort ein Platz frei wird.<\/li>\n\n\n\n<li>F\u00fcr Tagestouren k\u00f6nnen gemeinschaftliche Kosten anfallen, die vor Beginn der Tour zu einem festgelegten Termin in bar oder per \u00dcberweisung zu bezahlen sind.<\/li>\n\n\n\n<li>Die bezahlten Betr\u00e4ge werden bei kurzfristiger Absage erstattet, sofern noch keine Kosten an Dritte angefallen sind bzw. unvermeidbar anfallen werden.<\/li>\n<\/ol>\n\n\n\n<p><strong>\u00a7 4 Mehrtagestouren<\/strong><\/p>\n\n\n\n<ol class=\"wp-block-list\">\n<li>F\u00fcr die Teilnahme an Mehrtagestouren ist eine Vereinsmitgliedschaft, eine rechtzeitige Anmeldung und die Zahlung eines Vorabbetrages Voraussetzung.<\/li>\n\n\n\n<li>F\u00fcr Mehrtagestouren gilt i.d.R. eine Teilnehmerbegrenzung. Liegen zum Anmeldetermin mehr Anmeldungen vor als Pl\u00e4tze vorgesehen sind, und kann die Platzanzahl nicht erweitert werden, entscheidet das Los. Anmeldungen, die beim Losverfahren nicht \u00b4gezogen\u00b4 werden, kommen auf eine Warteliste. Sie r\u00fccken auf die Teilnehmerliste nach, sobald dort ein Platz frei wird.<\/li>\n\n\n\n<li>Mit Aufnahme auf die Teilnehmerliste wird ein Vorabbetrag f\u00e4llig, der inerhalb von 10 Tagen zu zahlen ist. Die H\u00f6he des Vorabbetrages orientiert sich an dem Umfang \/ Aufwand der geplanten Mehrtagestour. Er sollte in einer Gr\u00f6\u00dfenordnung von ca. 20 \u2013 30 % der Fahrt- und Hotelkosten liegen \u2013 maximal bei 100 Euro. Der Vorabbetrag wird auf die sp\u00e4teren Kosten f\u00fcr Hotel, Verpflegung, Fahrkarten o.\u00e4. angerechnet.<\/li>\n\n\n\n<li>Muss der Teilnehmer zu einem sp\u00e4teren Zeitpunkt seine Teilnahme -egal aus welchem Grund- absagen, kann er einen Ersatzteilnehmer stellen. Der Ersatzteilnehmer zahlt den Vorabbetrag an den absagenden Teilnehmer. Eine Erstattung des vom urspr\u00fcnglichen Teilnehmer an den Verein oder Tourenleiter gezahlten Vorabbetrages ist ausgeschlossen.<\/li>\n\n\n\n<li>Ergibt sich aus den bezahlten Vorabbetr\u00e4gen ein \u00dcberschuss, so ist dieser auf die gemeinschaftlichen Kosten der Mehrtagestour anzurechnen oder in die Vereinskasse einzuzahlen.<\/li>\n<\/ol>\n\n\n\n<p><strong>\u00a7 5 Externe Sonderfahrten<\/strong><\/p>\n\n\n\n<ol class=\"wp-block-list\">\n<li>Auf Anfrage externer Personen, Vereine, Unternehmen kann der RS-Hemmoor Tourenleiter vermitteln. Der\/die vermittelte\/n Tourenleiter planen in Abstimmung mit dem \u00b4Externen\u00b4 die Tour und f\u00fchren diese eigenverantwortlich durch.<\/li>\n\n\n\n<li>F\u00fcr die Vermittlung einer\/s Tourenleiterin\/s ist ein Honorar f\u00e4llig. Ein Anteil in H\u00f6he von 20 % des vom \u00b4Extrenen\u00b4 gezahten Honorars verbleibt in der Vereinskasse \u2013 der dar\u00fcber hinausgehende Betrag steht grunds\u00e4tzlich dem \/ der Tourenleiter\/in zu.<\/li>\n\n\n\n<li>Vorsorglich wird darauf hingewiesen, dass das vom \u00b4Externen\u00b4 gezahlte Honorar vom Tourenleiter bei seiner Einkommensteuer zu erkl\u00e4ren ist.<\/li>\n<\/ol>\n\n\n\n<p>&#8211; &#8211; &#8211; &#8211; &#8211; &#8211; &#8211; &#8211; &#8211; &#8211; &#8211; &#8211; &#8211; &#8211; &#8211; &#8211; &#8211; &#8211; &#8211; &#8211; &#8211; &#8211; &#8211; &#8211; &#8211; &#8211; &#8211; &#8211; &#8211; &#8211; &#8211; &#8211; &#8211; &#8211; &#8211; &#8211; &#8211; &#8211; &#8211; &#8211; &#8211; &#8211; &#8211; &#8211; &#8211; &#8211; &#8211; &#8211; &#8211; &#8211; &#8211; &#8211; &#8211; &#8211; &#8211; &#8211; &#8211; &#8211; &#8211; &#8211; &#8211;<\/p>\n\n\n\n<p><strong>zu \u00a7 4 Absatz 2: Beschreibung des Losverfahrens<\/strong><\/p>\n\n\n\n<p>Liegen zum Anmeldetermin mehr Anmeldungen vor als Pl\u00e4tze vorgesehen sind, und kann die Platzanzahl nicht erweitert werden, entscheidet das Los nach folgendem Verfahren:<\/p>\n\n\n\n<p>a) Die Verlosung wird durchgef\u00fchrt, nachdem alle Mitglieder ausreichend Zeit zur Anmeldung hatten \u2013 auf jeden Fall aber zeitig vor Saisonbeginn \u2013 z.B. bis Mitte Februar. Der Termin wird den Mitgliedern vorab bekannt gegeben.<\/p>\n\n\n\n<p>b) Die Verlosung sollte m\u00f6glichst von 3 Mitgliedern durchgef\u00fchrt werden, die sich nicht als Teilnehmer zu den jeweiligen Touren angemeldet haben. Mitglieder als Beobachter sind uneingeschr\u00e4nkt zul\u00e4ssig.<\/p>\n\n\n\n<p>c) Gelost wird getrennt nach vorhandenen Zimmerkategorien; also z.B. getrennt nach Einzel- und Doppelzimmer. Dabei werden die Namen der angemeldeten Mitglieder auf Zetteln notiert, die Zettel gefaltet in einen nicht durchsichtigen Beh\u00e4lter gegeben und unter Aufsicht gezogen. Die angemeldeten Mitglieder werden \u00fcber das Ergebnis der Ziehung zeitnah informiert.<\/p>\n\n\n\n<p>d) \u00b4Nicht gezogene\u00b4 Mitglieder werden in Reihenfolge der weiteren Ziehung auf einer Warteliste notiert. Gleichzeitig wandern ihre Lose als zus\u00e4tzliche Lose in den Topf der jeweils n\u00e4chsten Ziehung, sofern sie sich ebenfalls daf\u00fcr angemeldet haben. Dadurch erh\u00f6ht sich ihre Chance, bei den n\u00e4chstfolgenden Ziehungen gezogen zu werden.<\/p>\n","protected":false},"excerpt":{"rendered":"<p>Stand 01.01.2025 \u00a7 1 Grunds\u00e4tzliches \u00a7 2 Halbtagestouren \u00a7 3 Tagestouren \u00a7 4 Mehrtagestouren \u00a7 5 Externe Sonderfahrten &#8211; &#8211; &#8211; &#8211; &#8211; &#8211; &#8211; &#8211; &#8211; &#8211; &#8211; &#8211; &#8211; &#8211; &#8211; &#8211; &#8211;<\/p>\n","protected":false},"author":2,"featured_media":0,"parent":0,"menu_order":0,"comment_status":"closed","ping_status":"closed","template":"","meta":{"footnotes":""},"class_list":["post-11091","page","type-page","status-publish","hentry"],"_links":{"self":[{"href":"https:\/\/rs-hemmoor.de\/neues%2026\/index.php?rest_route=\/wp\/v2\/pages\/11091","targetHints":{"allow":["GET"]}}],"collection":[{"href":"https:\/\/rs-hemmoor.de\/neues%2026\/index.php?rest_route=\/wp\/v2\/pages"}],"about":[{"href":"https:\/\/rs-hemmoor.de\/neues%2026\/index.php?rest_route=\/wp\/v2\/types\/page"}],"author":[{"embeddable":true,"href":"https:\/\/rs-hemmoor.de\/neues%2026\/index.php?rest_route=\/wp\/v2\/users\/2"}],"replies":[{"embeddable":true,"href":"https:\/\/rs-hemmoor.de\/neues%2026\/index.php?rest_route=%2Fwp%2Fv2%2Fcomments&post=11091"}],"version-history":[{"count":7,"href":"https:\/\/rs-hemmoor.de\/neues%2026\/index.php?rest_route=\/wp\/v2\/pages\/11091\/revisions"}],"predecessor-version":[{"id":11106,"href":"https:\/\/rs-hemmoor.de\/neues%2026\/index.php?rest_route=\/wp\/v2\/pages\/11091\/revisions\/11106"}],"wp:attachment":[{"href":"https:\/\/rs-hemmoor.de\/neues%2026\/index.php?rest_route=%2Fwp%2Fv2%2Fmedia&parent=11091"}],"curies":[{"name":"wp","href":"https:\/\/api.w.org\/{rel}","templated":true}]}}