{"id":1135,"date":"2018-12-22T18:08:37","date_gmt":"2018-12-22T18:08:37","guid":{"rendered":"http:\/\/radsportverein-hemmoor.de\/?page_id=1135"},"modified":"2025-12-23T14:26:46","modified_gmt":"2025-12-23T14:26:46","slug":"woechentliche-touren","status":"publish","type":"page","link":"https:\/\/rs-hemmoor.de\/neues%2026\/?page_id=1135","title":{"rendered":"W\u00f6chentliche Touren"},"content":{"rendered":"<hr \/>\n<h6><\/h6>\n<h6><img loading=\"lazy\" decoding=\"async\" class=\"wp-image-11747 aligncenter\" src=\"http:\/\/rs-hemmoor.de\/wp-content\/uploads\/2025\/06\/20250619_151945-300x225.jpg\" alt=\"\" width=\"452\" height=\"339\" srcset=\"https:\/\/rs-hemmoor.de\/wp-content\/uploads\/2025\/06\/20250619_151945-300x225.jpg 300w, https:\/\/rs-hemmoor.de\/wp-content\/uploads\/2025\/06\/20250619_151945-1024x768.jpg 1024w, https:\/\/rs-hemmoor.de\/wp-content\/uploads\/2025\/06\/20250619_151945-768x576.jpg 768w, https:\/\/rs-hemmoor.de\/wp-content\/uploads\/2025\/06\/20250619_151945-100x75.jpg 100w, https:\/\/rs-hemmoor.de\/wp-content\/uploads\/2025\/06\/20250619_151945-1536x1152.jpg 1536w, https:\/\/rs-hemmoor.de\/wp-content\/uploads\/2025\/06\/20250619_151945-2048x1536.jpg 2048w\" sizes=\"auto, (max-width: 452px) 100vw, 452px\" \/><\/h6>\n<h6 style=\"text-align: center;\">Von April bis Oktober bieten wir Touren zu festen Terminen an &#8211; \u00b4Radlerwetter\u00b4 vorausgesetzt. Ob gelegentlicher Citybiker, Tourenradler oder Rennradfahrer &#8211; hier ist f\u00fcr jeden etwas dabei. G\u00e4ste sind herzlich willkommen.<\/h6>\n<hr \/>\n<h5>Montag<\/h5>\n<ul>\n<li><strong>&#8222;Rennrad&#8220;-Training (RTF)<\/strong><\/li>\n<li>F\u00fcr sportliche Radler jeden Alters.<\/li>\n<li>Zur Auswahl stehen rund 5 Touren zwischen 60 und 70 km, gefahren mit m\u00e4\u00dfigem Rennradtempo.<\/li>\n<li>Treffpunkt: 13:30 Uhr &#8211; B\u00f6rdehalle Lamstedt \/ 14:00 Uhr &#8211; G\u00fcterschuppen Hemmoor.<br \/>\n<hr \/>\n<\/li>\n<\/ul>\n<h5>Montag<\/h5>\n<ul>\n<li><strong>&#8222;Wochenstarter&#8220;-Tour<\/strong><\/li>\n<li>Rundkurs auf unterschiedlichen Wegen rund um Hemmoor; ca. 20 &#8211; 30 km in entspanntem Tempo\u00a0 Bei Interesse mit Einkehr; z.B. Kaffee, Eis, Erfrischung&#8230;<\/li>\n<li>Treffpunkt: 15:00 Uhr &#8211; G\u00fcterschuppen Hemmoor.<br \/>\n<hr \/>\n<\/li>\n<\/ul>\n<h5>Dienstag<\/h5>\n<ul>\n<li><strong>&#8222;Kaffee&#8220;-Tour<\/strong><\/li>\n<li>Die Fahrstrecke liegt i.d.R. zwischen 25 und 35 km. Zur H\u00e4lfte wird in einem Caf\u00e9, einer B\u00e4ckerei, einer Eisdiele oder einem Restaurant zum Kaffee-\/Tee- und Kuchenverzehr eingekehrt.<\/li>\n<li>Treffpunkt:\u00a0 15:00 Uhr &#8211; G\u00fcterschuppen Hemmoor.<br \/>\n<hr \/>\n<\/li>\n<\/ul>\n<h5>Donnerstag<\/h5>\n<ul>\n<li><strong>&#8222;Erlebnis&#8220;-Tour<\/strong><\/li>\n<li>Radtour mit Erlebnis-Faktor zu einem sehenswerten Ziel; z.B. Betriebsbesichtigung, Museum, Naturerlebnis &#8230; und vielem mehr.<\/li>\n<li>Treffpunkt: 15:00 Uhr\u00a0 &#8211; G\u00fcterschuppen Hemmoor<\/li>\n<li><a href=\"http:\/\/rs-hemmoor.de\/wp-content\/uploads\/2025\/12\/Erlebnistouren-Rueckblick-2025.pdf\">R\u00fcckblick Erlebnistouren 2025<\/a><\/li>\n<li><a href=\"http:\/\/rs-hemmoor.de\/wp-content\/uploads\/2025\/01\/Erlebnistouren-Rueckblick-2024.pdf\">R\u00fcckblick Erlebnistouren 2024<\/a><\/li>\n<li><a href=\"http:\/\/rs-hemmoor.de\/wp-content\/uploads\/2023\/10\/Erlebnistouren-Rueckblick-2023.pdf\">R\u00fcckblick Erlebnistouren 2023<\/a><\/li>\n<li><a href=\"http:\/\/rs-hemmoor.de\/wp-content\/uploads\/2022\/10\/Erlebnistouren-Rueckblick-2022.pdf\">R\u00fcckblick Erlebnistouren 2022<\/a><\/li>\n<li><a href=\"http:\/\/rs-hemmoor.de\/wp-content\/uploads\/2021\/10\/Rueckblick-Erlebnistouren-2021.pdf\">R\u00fcckblick Erlebnistouren 2021<\/a><\/li>\n<li><a href=\"http:\/\/rs-hemmoor.de\/wp-content\/uploads\/2020\/11\/Rueckblick-Erlebnistouren-2020.pdf\">R\u00fcckblick Erlebnistouren 2020<\/a><\/li>\n<li><a href=\"http:\/\/rs-hemmoor.de\/wp-content\/uploads\/2019\/10\/ATT00056.pdf\">R\u00fcckblick Erlebnistouren 2019<\/a><\/li>\n<li><a href=\"http:\/\/radsportverein-hemmoor.de\/wp-content\/uploads\/2018\/10\/Do-Erlebnistouren-2018-R\u00fcckblick.pdf\">R\u00fcckblick Erlebnistouren 2018<\/a><br \/>\n<hr \/>\n<\/li>\n<\/ul>\n<h5>Freitag<\/h5>\n<ul>\n<li><strong>&#8222;Feierabend&#8220;-Tour<\/strong><\/li>\n<li>Das &#8222;Radfahren&#8220; zum Tages- bzw. Wochenausklang steht im Vordergrund. Au\u00dfer angemessenen kurzen Trinkpausen gibt es keine gr\u00f6\u00dferen Aufenthalte. Ziel und Strecke werden unter den Teilnehmern abgestimmt.<\/li>\n<li>Treffpunkt 17:00 Uhr (ab Okt 16:00 Uhr) &#8211; G\u00fcterschuppen Hemmoor<\/li>\n<\/ul>\n","protected":false},"excerpt":{"rendered":"<p>Von April bis Oktober bieten wir Touren zu festen Terminen an &#8211; \u00b4Radlerwetter\u00b4 vorausgesetzt. Ob gelegentlicher Citybiker, Tourenradler oder Rennradfahrer &#8211; hier ist f\u00fcr jeden etwas dabei. G\u00e4ste sind herzlich willkommen. Montag &#8222;Rennrad&#8220;-Training (RTF) F\u00fcr<\/p>\n","protected":false},"author":2,"featured_media":0,"parent":912,"menu_order":1,"comment_status":"closed","ping_status":"closed","template":"","meta":{"footnotes":""},"class_list":["post-1135","page","type-page","status-publish","hentry"],"_links":{"self":[{"href":"https:\/\/rs-hemmoor.de\/neues%2026\/index.php?rest_route=\/wp\/v2\/pages\/1135","targetHints":{"allow":["GET"]}}],"collection":[{"href":"https:\/\/rs-hemmoor.de\/neues%2026\/index.php?rest_route=\/wp\/v2\/pages"}],"about":[{"href":"https:\/\/rs-hemmoor.de\/neues%2026\/index.php?rest_route=\/wp\/v2\/types\/page"}],"author":[{"embeddable":true,"href":"https:\/\/rs-hemmoor.de\/neues%2026\/index.php?rest_route=\/wp\/v2\/users\/2"}],"replies":[{"embeddable":true,"href":"https:\/\/rs-hemmoor.de\/neues%2026\/index.php?rest_route=%2Fwp%2Fv2%2Fcomments&post=1135"}],"version-history":[{"count":92,"href":"https:\/\/rs-hemmoor.de\/neues%2026\/index.php?rest_route=\/wp\/v2\/pages\/1135\/revisions"}],"predecessor-version":[{"id":12619,"href":"https:\/\/rs-hemmoor.de\/neues%2026\/index.php?rest_route=\/wp\/v2\/pages\/1135\/revisions\/12619"}],"up":[{"embeddable":true,"href":"https:\/\/rs-hemmoor.de\/neues%2026\/index.php?rest_route=\/wp\/v2\/pages\/912"}],"wp:attachment":[{"href":"https:\/\/rs-hemmoor.de\/neues%2026\/index.php?rest_route=%2Fwp%2Fv2%2Fmedia&parent=1135"}],"curies":[{"name":"wp","href":"https:\/\/api.w.org\/{rel}","templated":true}]}}