{"id":1157,"date":"2018-12-23T13:13:23","date_gmt":"2018-12-23T13:13:23","guid":{"rendered":"http:\/\/radsportverein-hemmoor.de\/?page_id=1157"},"modified":"2025-12-23T14:32:53","modified_gmt":"2025-12-23T14:32:53","slug":"mehrtagestouren","status":"publish","type":"page","link":"https:\/\/rs-hemmoor.de\/neues%2026\/?page_id=1157","title":{"rendered":"Mehrtagestouren"},"content":{"rendered":"<hr \/>\n<p>\u00a0<\/p>\n<h6 style=\"text-align: center;\"><img loading=\"lazy\" decoding=\"async\" class=\"wp-image-12037 aligncenter\" src=\"http:\/\/rs-hemmoor.de\/wp-content\/uploads\/2025\/08\/IMG-20250731-WA0002-300x225.jpg\" alt=\"\" width=\"451\" height=\"338\" srcset=\"https:\/\/rs-hemmoor.de\/wp-content\/uploads\/2025\/08\/IMG-20250731-WA0002-300x225.jpg 300w, https:\/\/rs-hemmoor.de\/wp-content\/uploads\/2025\/08\/IMG-20250731-WA0002-1024x768.jpg 1024w, https:\/\/rs-hemmoor.de\/wp-content\/uploads\/2025\/08\/IMG-20250731-WA0002-768x576.jpg 768w, https:\/\/rs-hemmoor.de\/wp-content\/uploads\/2025\/08\/IMG-20250731-WA0002-100x75.jpg 100w, https:\/\/rs-hemmoor.de\/wp-content\/uploads\/2025\/08\/IMG-20250731-WA0002-1536x1152.jpg 1536w, https:\/\/rs-hemmoor.de\/wp-content\/uploads\/2025\/08\/IMG-20250731-WA0002.jpg 1600w\" sizes=\"auto, (max-width: 451px) 100vw, 451px\" \/><\/h6>\n<h6 style=\"text-align: center;\">Unsere Mehrtagestouren werden selbst organisiert oder mit Unterst\u00fctzung unseres Partners &#8222;R\u00fcckenwind&#8220; geplant.<\/h6>\n<p style=\"text-align: center;\">Teilnahme f\u00fcr Vereinsmitglieder<\/p>\n<p style=\"text-align: center;\">Gehen mehr Anmeldungen ein als Pl\u00e4tze vorhanden sind, entscheidet das Los am 12.02.26<\/p>\n<hr \/>\n<h6 style=\"text-align: left;\"><strong>Dom- und Pferdestadt Verden<\/strong><strong>\u00a0<\/strong>(3 Tage \/ 2 N\u00e4chte)<\/h6>\n<ul>\n<li>Termin: <strong>Samstag, 09.05.26 &#8211; Montag, 11.05.25<\/strong><\/li>\n<li>Teilstrecke hin mit der Bahn; zur\u00fcck mit Rad oder Bahn<\/li>\n<li>Ziel: Verden<\/li>\n<li>Programm: Radtouren entlang von Aller und Weser; Besuch von Dom und Pferdemuseum<\/li>\n<li>Hotel nahe der Altstadt von Verden<\/li>\n<li>Anmeldung erforderlich bis 04.02.26<\/li>\n<\/ul>\n<hr \/>\n<h6 style=\"text-align: left;\"><strong>L\u00fcbeck mit Travem\u00fcnde\u00a0<\/strong> (4 Tage \/ 3 N\u00e4chte)<\/h6>\n<ul>\n<li>Termin: <strong>Sonn<\/strong><strong>tag, 12.07.26 &#8211; Mittwoch, 15.07.26<\/strong><\/li>\n<li>Teilstreck hin und zur\u00fcck mit der Bahn<\/li>\n<li>Ziel: L\u00fcbeck; Travem\u00fcnde; Timmendorf; Priwall<\/li>\n<li>Programm: 3 Radtouren; Stadtf\u00fchrung; Trave-Schifffahrt; St. Petri; Marzipan-Cafe<\/li>\n<li>Hotel in der Stadtmitte von L\u00fcbeck nahe Holstentor<\/li>\n<li>Anmeldung erforderlich bis 04.02.26<\/li>\n<\/ul>\n<hr \/>\n<h6 style=\"text-align: left;\"><strong>B\u00fcsum und Nordseek\u00fcste (3Ta<\/strong>ge \/ 2 N\u00e4chte)<\/h6>\n<ul>\n<li>Termin: <strong>Sonntag, 06.09.26 &#8211; Dienstag, 08.09.26<\/strong><\/li>\n<li>Mit dem Rad \u00fcber die Elbf\u00e4hre nach B\u00fcsum und zur\u00fcck<\/li>\n<li>Programm: Radtour nach T\u00f6nning und Heide; Brunsb\u00fcttel<\/li>\n<li>Hotel direkt am Strand nahe Fu\u00dfg\u00e4ngerzone<\/li>\n<li>Anmeldung erforderlich bis 04.02.26<\/li>\n<\/ul>\n<hr \/>\n\n\n<p><\/p>\n","protected":false},"excerpt":{"rendered":"<p>\u00a0 Unsere Mehrtagestouren werden selbst organisiert oder mit Unterst\u00fctzung unseres Partners &#8222;R\u00fcckenwind&#8220; geplant. Teilnahme f\u00fcr Vereinsmitglieder Gehen mehr Anmeldungen ein als Pl\u00e4tze vorhanden sind, entscheidet das Los am 12.02.26 Dom- und Pferdestadt Verden\u00a0(3 Tage \/<\/p>\n","protected":false},"author":2,"featured_media":0,"parent":912,"menu_order":0,"comment_status":"closed","ping_status":"closed","template":"","meta":{"footnotes":""},"class_list":["post-1157","page","type-page","status-publish","hentry"],"_links":{"self":[{"href":"https:\/\/rs-hemmoor.de\/neues%2026\/index.php?rest_route=\/wp\/v2\/pages\/1157","targetHints":{"allow":["GET"]}}],"collection":[{"href":"https:\/\/rs-hemmoor.de\/neues%2026\/index.php?rest_route=\/wp\/v2\/pages"}],"about":[{"href":"https:\/\/rs-hemmoor.de\/neues%2026\/index.php?rest_route=\/wp\/v2\/types\/page"}],"author":[{"embeddable":true,"href":"https:\/\/rs-hemmoor.de\/neues%2026\/index.php?rest_route=\/wp\/v2\/users\/2"}],"replies":[{"embeddable":true,"href":"https:\/\/rs-hemmoor.de\/neues%2026\/index.php?rest_route=%2Fwp%2Fv2%2Fcomments&post=1157"}],"version-history":[{"count":105,"href":"https:\/\/rs-hemmoor.de\/neues%2026\/index.php?rest_route=\/wp\/v2\/pages\/1157\/revisions"}],"predecessor-version":[{"id":12624,"href":"https:\/\/rs-hemmoor.de\/neues%2026\/index.php?rest_route=\/wp\/v2\/pages\/1157\/revisions\/12624"}],"up":[{"embeddable":true,"href":"https:\/\/rs-hemmoor.de\/neues%2026\/index.php?rest_route=\/wp\/v2\/pages\/912"}],"wp:attachment":[{"href":"https:\/\/rs-hemmoor.de\/neues%2026\/index.php?rest_route=%2Fwp%2Fv2%2Fmedia&parent=1157"}],"curies":[{"name":"wp","href":"https:\/\/api.w.org\/{rel}","templated":true}]}}