{"id":1163,"date":"2018-12-23T13:26:57","date_gmt":"2018-12-23T13:26:57","guid":{"rendered":"http:\/\/radsportverein-hemmoor.de\/?page_id=1163"},"modified":"2025-12-23T14:35:37","modified_gmt":"2025-12-23T14:35:37","slug":"veranstaltungen","status":"publish","type":"page","link":"https:\/\/rs-hemmoor.de\/neues%2026\/?page_id=1163","title":{"rendered":"Veranstaltungen"},"content":{"rendered":"<hr \/>\n<h6>\u00a0<\/h6>\n<h6><img loading=\"lazy\" decoding=\"async\" class=\"wp-image-12238 aligncenter\" src=\"http:\/\/rs-hemmoor.de\/wp-content\/uploads\/2025\/09\/IMG-20250906-WA0010-300x169.jpg\" alt=\"\" width=\"518\" height=\"292\" srcset=\"https:\/\/rs-hemmoor.de\/wp-content\/uploads\/2025\/09\/IMG-20250906-WA0010-300x169.jpg 300w, https:\/\/rs-hemmoor.de\/wp-content\/uploads\/2025\/09\/IMG-20250906-WA0010-1024x576.jpg 1024w, https:\/\/rs-hemmoor.de\/wp-content\/uploads\/2025\/09\/IMG-20250906-WA0010-768x432.jpg 768w, https:\/\/rs-hemmoor.de\/wp-content\/uploads\/2025\/09\/IMG-20250906-WA0010-100x56.jpg 100w, https:\/\/rs-hemmoor.de\/wp-content\/uploads\/2025\/09\/IMG-20250906-WA0010-1536x864.jpg 1536w, https:\/\/rs-hemmoor.de\/wp-content\/uploads\/2025\/09\/IMG-20250906-WA0010.jpg 2016w\" sizes=\"auto, (max-width: 518px) 100vw, 518px\" \/><\/h6>\n<h6 style=\"text-align: center;\">Gr\u00fcnkohlwanderung, An- und Abradeln sowie Sommerfest und Weihnachtsfeier runden das umfangreiche Tourenangebot ab<\/h6>\n<p style=\"text-align: center;\">Teilnahme f\u00fcr Vereinsmitglieder<\/p>\n<hr \/>\n<h6><strong>Gr\u00fcnkohlwanderung<\/strong><\/h6>\n<ul>\n<li>Termin: <strong>Samstag, <\/strong><strong>28.02.26<\/strong><\/li>\n<li>Programm:<\/li>\n<li><strong>Gr\u00fcnkohl satt<\/strong> im Restaurant <strong>&#8222;L\u00fctt Mandus&#8220;<\/strong><\/li>\n<li>Anmeldung erforderlich bis 20.02.26<br \/><hr \/><\/li>\n<\/ul>\n<h6><strong>Anradeln<\/strong><\/h6>\n<ul>\n<li>Termin:\u00a0<strong>Sonntag, 29.03.25<\/strong><\/li>\n<li>Programm: in Planung<\/li>\n<li>Strecke ca 45 km<\/li>\n<li>Anmeldung erforderlich bis 22.03.26\u00a0<br \/><hr \/><\/li>\n<\/ul>\n<h6><strong>Sommerfest<\/strong><\/h6>\n<ul>\n<li>Termin:\u00a0<strong>Samstag, 27.06.26<\/strong><\/li>\n<li>Programm: in Planung<\/li>\n<li>\u00a0<\/li>\n<li>Anmeldung erforderlich bis 17.06.26<br \/><hr \/><\/li>\n<\/ul>\n<h6><strong>Abradeln<\/strong><\/h6>\n<ul>\n<li>Termin:\u00a0<strong>Sonntag, 11.10.26<\/strong><\/li>\n<li>Programm: in Planung<\/li>\n<li>Strecke ca 45 km<\/li>\n<li>Anmeldung erforderlich bis 04.10.26<br \/><hr \/><\/li>\n<\/ul>\n<h6><strong>Weihnachtsfeier<\/strong><\/h6>\n<ul>\n<li>Termin: noch offen<\/li>\n<li>Programm: Weihnachtsessen und gem\u00fctlicher Abend mit Programm<\/li>\n<li>Anmeldung erforderlich bis &#8230; noch offen<\/li>\n<\/ul>\n\n\n<p><\/p>\n","protected":false},"excerpt":{"rendered":"<p>\u00a0 Gr\u00fcnkohlwanderung, An- und Abradeln sowie Sommerfest und Weihnachtsfeier runden das umfangreiche Tourenangebot ab Teilnahme f\u00fcr Vereinsmitglieder Gr\u00fcnkohlwanderung Termin: Samstag, 28.02.26 Programm: Gr\u00fcnkohl satt im Restaurant &#8222;L\u00fctt Mandus&#8220; Anmeldung erforderlich bis 20.02.26 Anradeln Termin:\u00a0Sonntag, 29.03.25<\/p>\n","protected":false},"author":2,"featured_media":0,"parent":912,"menu_order":0,"comment_status":"closed","ping_status":"closed","template":"","meta":{"footnotes":""},"class_list":["post-1163","page","type-page","status-publish","hentry"],"_links":{"self":[{"href":"https:\/\/rs-hemmoor.de\/neues%2026\/index.php?rest_route=\/wp\/v2\/pages\/1163","targetHints":{"allow":["GET"]}}],"collection":[{"href":"https:\/\/rs-hemmoor.de\/neues%2026\/index.php?rest_route=\/wp\/v2\/pages"}],"about":[{"href":"https:\/\/rs-hemmoor.de\/neues%2026\/index.php?rest_route=\/wp\/v2\/types\/page"}],"author":[{"embeddable":true,"href":"https:\/\/rs-hemmoor.de\/neues%2026\/index.php?rest_route=\/wp\/v2\/users\/2"}],"replies":[{"embeddable":true,"href":"https:\/\/rs-hemmoor.de\/neues%2026\/index.php?rest_route=%2Fwp%2Fv2%2Fcomments&post=1163"}],"version-history":[{"count":118,"href":"https:\/\/rs-hemmoor.de\/neues%2026\/index.php?rest_route=\/wp\/v2\/pages\/1163\/revisions"}],"predecessor-version":[{"id":12626,"href":"https:\/\/rs-hemmoor.de\/neues%2026\/index.php?rest_route=\/wp\/v2\/pages\/1163\/revisions\/12626"}],"up":[{"embeddable":true,"href":"https:\/\/rs-hemmoor.de\/neues%2026\/index.php?rest_route=\/wp\/v2\/pages\/912"}],"wp:attachment":[{"href":"https:\/\/rs-hemmoor.de\/neues%2026\/index.php?rest_route=%2Fwp%2Fv2%2Fmedia&parent=1163"}],"curies":[{"name":"wp","href":"https:\/\/api.w.org\/{rel}","templated":true}]}}