{"id":1363,"date":"2019-01-09T18:50:29","date_gmt":"2019-01-09T18:50:29","guid":{"rendered":"http:\/\/radsportverein-hemmoor.de\/?page_id=1363"},"modified":"2020-01-19T18:03:23","modified_gmt":"2020-01-19T18:03:23","slug":"mitgliedsbeitrag","status":"publish","type":"page","link":"https:\/\/rs-hemmoor.de\/neues%2026\/?page_id=1363","title":{"rendered":"Beitrag"},"content":{"rendered":"<hr \/>\n<h6><img loading=\"lazy\" decoding=\"async\" class=\"alignnone  wp-image-3024 aligncenter\" src=\"http:\/\/rs-hemmoor.de\/wp-content\/uploads\/2019\/10\/IMG_20191017_155337-300x290.jpg\" alt=\"\" width=\"362\" height=\"350\" srcset=\"https:\/\/rs-hemmoor.de\/wp-content\/uploads\/2019\/10\/IMG_20191017_155337-300x290.jpg 300w, https:\/\/rs-hemmoor.de\/wp-content\/uploads\/2019\/10\/IMG_20191017_155337-768x743.jpg 768w, https:\/\/rs-hemmoor.de\/wp-content\/uploads\/2019\/10\/IMG_20191017_155337-1024x991.jpg 1024w, https:\/\/rs-hemmoor.de\/wp-content\/uploads\/2019\/10\/IMG_20191017_155337.jpg 1200w\" sizes=\"auto, (max-width: 362px) 100vw, 362px\" \/><\/h6>\n<h6 style=\"text-align: center;\">Der geringe Mitgliedsbeitrag im RS Hemmoor e.V. konnte seit Gr\u00fcndung unver\u00e4ndert gehalten werden.<\/h6>\n<hr \/>\n<h6>Der Beitrag betr\u00e4gt aktuell:<\/h6>\n<ul>\n<li>15 Euro f\u00fcr Kinder \/ Jugendliche bis 17 J \/ Sch\u00fcler<\/li>\n<li>20 Euro f\u00fcr Erwachsene<\/li>\n<li>40 Euro f\u00fcr Familien (Eltern+eigene Kinder bis 17\/Sch\u00fcler)<\/li>\n<li>Eine Aufnahmegeb\u00fchr wird nicht erhoben<\/li>\n<\/ul>\n<ul>\n<li>Bei Eintritt von Juli bis Dezember reduziert sich der Mitgliedsbeitrag im Beitrittsjahr um 50 %.<\/li>\n<\/ul>\n<ul>\n<li>Der Mitgliedsbeitrag ist bis 4 Wochen nach Eintritt f\u00e4llig; in den Folgejahren jeweils im 1. Quartal.<\/li>\n<\/ul>\n<ul>\n<li>Wir bieten unseren Mitgliedern das Bankeinzugsverfahren an.\u00a0 Der Einzug des Mitgliedsbeitrags erfolgt jeweils Mitte Januar.<\/li>\n<\/ul>\n","protected":false},"excerpt":{"rendered":"<p>Der geringe Mitgliedsbeitrag im RS Hemmoor e.V. konnte seit Gr\u00fcndung unver\u00e4ndert gehalten werden. Der Beitrag betr\u00e4gt aktuell: 15 Euro f\u00fcr Kinder \/ Jugendliche bis 17 J \/ Sch\u00fcler 20 Euro f\u00fcr Erwachsene 40 Euro f\u00fcr<\/p>\n","protected":false},"author":2,"featured_media":0,"parent":178,"menu_order":0,"comment_status":"closed","ping_status":"closed","template":"","meta":{"footnotes":""},"class_list":["post-1363","page","type-page","status-publish","hentry"],"_links":{"self":[{"href":"https:\/\/rs-hemmoor.de\/neues%2026\/index.php?rest_route=\/wp\/v2\/pages\/1363","targetHints":{"allow":["GET"]}}],"collection":[{"href":"https:\/\/rs-hemmoor.de\/neues%2026\/index.php?rest_route=\/wp\/v2\/pages"}],"about":[{"href":"https:\/\/rs-hemmoor.de\/neues%2026\/index.php?rest_route=\/wp\/v2\/types\/page"}],"author":[{"embeddable":true,"href":"https:\/\/rs-hemmoor.de\/neues%2026\/index.php?rest_route=\/wp\/v2\/users\/2"}],"replies":[{"embeddable":true,"href":"https:\/\/rs-hemmoor.de\/neues%2026\/index.php?rest_route=%2Fwp%2Fv2%2Fcomments&post=1363"}],"version-history":[{"count":12,"href":"https:\/\/rs-hemmoor.de\/neues%2026\/index.php?rest_route=\/wp\/v2\/pages\/1363\/revisions"}],"predecessor-version":[{"id":3266,"href":"https:\/\/rs-hemmoor.de\/neues%2026\/index.php?rest_route=\/wp\/v2\/pages\/1363\/revisions\/3266"}],"up":[{"embeddable":true,"href":"https:\/\/rs-hemmoor.de\/neues%2026\/index.php?rest_route=\/wp\/v2\/pages\/178"}],"wp:attachment":[{"href":"https:\/\/rs-hemmoor.de\/neues%2026\/index.php?rest_route=%2Fwp%2Fv2%2Fmedia&parent=1363"}],"curies":[{"name":"wp","href":"https:\/\/api.w.org\/{rel}","templated":true}]}}