{"id":1540,"date":"2019-01-17T20:12:21","date_gmt":"2019-01-17T20:12:21","guid":{"rendered":"http:\/\/radsportverein-hemmoor.de\/?page_id=1540"},"modified":"2025-12-25T09:07:49","modified_gmt":"2025-12-25T09:07:49","slug":"vorteile","status":"publish","type":"page","link":"https:\/\/rs-hemmoor.de\/neues%2026\/?page_id=1540","title":{"rendered":"Vorteile"},"content":{"rendered":"<h6><img loading=\"lazy\" decoding=\"async\" class=\"wp-image-12635 aligncenter\" src=\"http:\/\/rs-hemmoor.de\/wp-content\/uploads\/2025\/12\/IMG-20250916-WA0013-225x300.jpg\" alt=\"\" width=\"280\" height=\"373\" srcset=\"https:\/\/rs-hemmoor.de\/wp-content\/uploads\/2025\/12\/IMG-20250916-WA0013-225x300.jpg 225w, https:\/\/rs-hemmoor.de\/wp-content\/uploads\/2025\/12\/IMG-20250916-WA0013-768x1024.jpg 768w, https:\/\/rs-hemmoor.de\/wp-content\/uploads\/2025\/12\/IMG-20250916-WA0013-100x133.jpg 100w, https:\/\/rs-hemmoor.de\/wp-content\/uploads\/2025\/12\/IMG-20250916-WA0013-1152x1536.jpg 1152w, https:\/\/rs-hemmoor.de\/wp-content\/uploads\/2025\/12\/IMG-20250916-WA0013.jpg 1200w\" sizes=\"auto, (max-width: 280px) 100vw, 280px\" \/><\/h6>\n<h6 style=\"text-align: center;\">Die Mitglieder des RS-Hemmoor e.V. genie\u00dfen Vorteile<\/h6>\n<hr \/>\n<h6>Geplante und begleitete Radtouren<\/h6>\n<ul>\n<li>W\u00f6chentliche Touren zu festen Terminen<\/li>\n<li>Monatlich Ganztagestouren<\/li>\n<li>Organisierte Mehrtagestouren<\/li>\n<\/ul>\n<h6>Pannenhilfe<\/h6>\n<ul>\n<li>Soweit m\u00f6glich und vertretbar: Direkte Pannenhilfe oder Vermittlung einer Pannenhilfe im n\u00e4heren Umkreis und auf Vereins-Radtouren<\/li>\n<\/ul>\n<h6>Vereins-Bekleidung<\/h6>\n<p>Zum Teil gegen geringen Zuschuss:<\/p>\n<ul>\n<li>T-Shirts, Poloshirts und Westen<\/li>\n<li>Sweatshirts<\/li>\n<li>Regenjacken<\/li>\n<\/ul>\n<h6>Verg\u00fcnstigungen bei Reisebuchungen<\/h6>\n<ul>\n<li>10 %\u00a0 auf Buchungen auf Radreisen aus den R\u00fcckenwind-Katalogen<\/li>\n<\/ul>\n<h6><strong>Zuschuss bei Veranstaltungen<\/strong><\/h6>\n<ul>\n<li>Bei vom Verein organisierten Veranstaltungen wird i.d.R. ein Teil der Kosten vom Verein getragen (sofern die Vereinskasse es zul\u00e4sst)<\/li>\n<\/ul>\n\n\n<p><\/p>\n","protected":false},"excerpt":{"rendered":"<p>Die Mitglieder des RS-Hemmoor e.V. genie\u00dfen Vorteile Geplante und begleitete Radtouren W\u00f6chentliche Touren zu festen Terminen Monatlich Ganztagestouren Organisierte Mehrtagestouren Pannenhilfe Soweit m\u00f6glich und vertretbar: Direkte Pannenhilfe oder Vermittlung einer Pannenhilfe im n\u00e4heren Umkreis und<\/p>\n","protected":false},"author":2,"featured_media":0,"parent":178,"menu_order":0,"comment_status":"closed","ping_status":"closed","template":"","meta":{"footnotes":""},"class_list":["post-1540","page","type-page","status-publish","hentry"],"_links":{"self":[{"href":"https:\/\/rs-hemmoor.de\/neues%2026\/index.php?rest_route=\/wp\/v2\/pages\/1540","targetHints":{"allow":["GET"]}}],"collection":[{"href":"https:\/\/rs-hemmoor.de\/neues%2026\/index.php?rest_route=\/wp\/v2\/pages"}],"about":[{"href":"https:\/\/rs-hemmoor.de\/neues%2026\/index.php?rest_route=\/wp\/v2\/types\/page"}],"author":[{"embeddable":true,"href":"https:\/\/rs-hemmoor.de\/neues%2026\/index.php?rest_route=\/wp\/v2\/users\/2"}],"replies":[{"embeddable":true,"href":"https:\/\/rs-hemmoor.de\/neues%2026\/index.php?rest_route=%2Fwp%2Fv2%2Fcomments&post=1540"}],"version-history":[{"count":23,"href":"https:\/\/rs-hemmoor.de\/neues%2026\/index.php?rest_route=\/wp\/v2\/pages\/1540\/revisions"}],"predecessor-version":[{"id":12637,"href":"https:\/\/rs-hemmoor.de\/neues%2026\/index.php?rest_route=\/wp\/v2\/pages\/1540\/revisions\/12637"}],"up":[{"embeddable":true,"href":"https:\/\/rs-hemmoor.de\/neues%2026\/index.php?rest_route=\/wp\/v2\/pages\/178"}],"wp:attachment":[{"href":"https:\/\/rs-hemmoor.de\/neues%2026\/index.php?rest_route=%2Fwp%2Fv2%2Fmedia&parent=1540"}],"curies":[{"name":"wp","href":"https:\/\/api.w.org\/{rel}","templated":true}]}}