{"id":184,"date":"2016-05-19T12:38:35","date_gmt":"2016-05-19T12:38:35","guid":{"rendered":"http:\/\/radsportverein-hemmoor-tourengruppe.de\/?page_id=184"},"modified":"2019-04-23T20:19:12","modified_gmt":"2019-04-23T20:19:12","slug":"impressum","status":"publish","type":"page","link":"https:\/\/rs-hemmoor.de\/neues%2026\/?page_id=184","title":{"rendered":"Impressum"},"content":{"rendered":"<hr \/>\n<p>Verantwortlich f\u00fcr den Inhalt: Peter Eckmann, 21755 Hechthausen, Rosenstr. 14, Telefon: 04774-631<\/p>\n<p>Ein Datenschutzbeauftragter ist bei unserem Verein nicht erforderlich<\/p>\n<p>Diese Seite wurde mit dem &#8222;WordPress&#8220;-Programm erzeugt von Peter Eckmann.<\/p>\n<hr \/>\n<h3>SONSTIGE RECHTLICHE HINWEISE:<\/h3>\n<p>Urheberrecht und Markenschutz.<\/p>\n<p>Alle Texte, Bilder, Grafiken, Multimediadateien sowie das Layout der Website unterliegen den Gesetzen zum Schutz geistigen Eigentums, insbesondere dem Urheberrecht.<\/p>\n<h3>Haftung f\u00fcr Inhalte<\/h3>\n<p>Eine Weiterverwertung, in welcher Form auch immer, bedarf der ausdr\u00fccklichen Zustimmung des Urhebers.<\/p>\n<p>Wir \u00fcbernehmen keinerlei Gew\u00e4hr f\u00fcr die Aktualit\u00e4t, Korrektheit, Vollst\u00e4ndigkeit oder Qualit\u00e4t der bereitgestellten Information.<\/p>\n<p>Wir behalten uns ausdr\u00fccklich vor, die Information oder Teile davon\u00a0 ohne gesonderte Ank\u00fcndigung zu ver\u00e4ndern, zu erg\u00e4nzen oder zu l\u00f6schen. Wir schlie\u00dfen alle Haftungsanspr\u00fcche, die sich auf Sch\u00e4den materieller oder ideeller Art beziehen und die durch die Nutzung und\/oder Nichtbeachtung der bereitgestellten Information verursacht wurden, aus.<\/p>\n<h3>Links und fremde Inhalte:<\/h3>\n<p>Diese Webseite kann Hyperlinks auf andere Internetseiten enthalten. Diese werden in separaten Browser-Fenstern ge\u00f6ffnet. Wir \u00fcbernehmen keine Garantie f\u00fcr Links und auch keine Verantwortung oder Haftung f\u00fcr die Inhalte anderer Anbieter. Soweit wir von Rechtsverst\u00f6\u00dfen auf verlinkten Internetseiten erfahren, werden wir den Link l\u00f6schen.<\/p>\n","protected":false},"excerpt":{"rendered":"<p>Verantwortlich f\u00fcr den Inhalt: Peter Eckmann, 21755 Hechthausen, Rosenstr. 14, Telefon: 04774-631 Ein Datenschutzbeauftragter ist bei unserem Verein nicht erforderlich Diese Seite wurde mit dem &#8222;WordPress&#8220;-Programm erzeugt von Peter Eckmann. SONSTIGE RECHTLICHE HINWEISE: Urheberrecht und<\/p>\n","protected":false},"author":1,"featured_media":0,"parent":0,"menu_order":0,"comment_status":"closed","ping_status":"closed","template":"","meta":{"footnotes":""},"class_list":["post-184","page","type-page","status-publish","hentry"],"_links":{"self":[{"href":"https:\/\/rs-hemmoor.de\/neues%2026\/index.php?rest_route=\/wp\/v2\/pages\/184","targetHints":{"allow":["GET"]}}],"collection":[{"href":"https:\/\/rs-hemmoor.de\/neues%2026\/index.php?rest_route=\/wp\/v2\/pages"}],"about":[{"href":"https:\/\/rs-hemmoor.de\/neues%2026\/index.php?rest_route=\/wp\/v2\/types\/page"}],"author":[{"embeddable":true,"href":"https:\/\/rs-hemmoor.de\/neues%2026\/index.php?rest_route=\/wp\/v2\/users\/1"}],"replies":[{"embeddable":true,"href":"https:\/\/rs-hemmoor.de\/neues%2026\/index.php?rest_route=%2Fwp%2Fv2%2Fcomments&post=184"}],"version-history":[{"count":12,"href":"https:\/\/rs-hemmoor.de\/neues%2026\/index.php?rest_route=\/wp\/v2\/pages\/184\/revisions"}],"predecessor-version":[{"id":2196,"href":"https:\/\/rs-hemmoor.de\/neues%2026\/index.php?rest_route=\/wp\/v2\/pages\/184\/revisions\/2196"}],"wp:attachment":[{"href":"https:\/\/rs-hemmoor.de\/neues%2026\/index.php?rest_route=%2Fwp%2Fv2%2Fmedia&parent=184"}],"curies":[{"name":"wp","href":"https:\/\/api.w.org\/{rel}","templated":true}]}}