{"id":2158,"date":"2019-04-21T10:54:12","date_gmt":"2019-04-21T10:54:12","guid":{"rendered":"http:\/\/rs-hemmoor.de\/?page_id=2158"},"modified":"2025-02-16T13:53:53","modified_gmt":"2025-02-16T13:53:53","slug":"geschaeftsordnungordung","status":"publish","type":"page","link":"https:\/\/rs-hemmoor.de\/neues%2026\/?page_id=2158","title":{"rendered":"Gesch\u00e4ftsordnung"},"content":{"rendered":"<div class=\"wp-block-image\">\n<figure class=\"aligncenter size-full is-resized\"><img loading=\"lazy\" decoding=\"async\" width=\"697\" height=\"155\" src=\"https:\/\/rs-hemmoor.de\/wp-content\/uploads\/2025\/02\/image-1.png\" alt=\"\" class=\"wp-image-11103\" style=\"width:225px;height:auto\" srcset=\"https:\/\/rs-hemmoor.de\/wp-content\/uploads\/2025\/02\/image-1.png 697w, https:\/\/rs-hemmoor.de\/wp-content\/uploads\/2025\/02\/image-1-300x67.png 300w\" sizes=\"auto, (max-width: 697px) 100vw, 697px\" \/><\/figure><\/div>\n\n<hr \/>\n<p style=\"text-align: right;\">Stand\u00a0 08.04.2022<\/p>\n<p><strong>\u00a7 1 Grunds\u00e4tzliches<\/strong><\/p>\n<ol>\n<li>Gem\u00e4\u00df \u00a7 21 der Satzung regelt eine Gesch\u00e4ftsordnung die Umsetzung derselben. \u00dcber den Inhalt der Gesch\u00e4ftsordnung entscheidet der Vorstand &#8211; Neufassung, Erg\u00e4nzung und \u00c4nderung sind mit 2\/3 Mehrheit des Vorstands zu beschlie\u00dfen.<\/li>\n<li>Die Gesch\u00e4ftsordnung ist den Mitgliedern offenzulegen \u2013 im Internet, auf Mitgliederversammlungen.<\/li>\n<\/ol>\n<p><strong>\u00a7 2 Vereinsname<\/strong> (zu \u00a7 1 der Satzung `Name, Sitz, Gesch\u00e4ftsjahr`)<\/p>\n<ol>\n<li>Der Verein hat den Namen \u201eRS-Hemmoor e.V.\u201c Im t\u00e4glichen Sprachgebrauch werden die Namen \u201eRadsport Hemmoor\u201c bzw. \u201eRadsportverein Hemmoor\u201c gleichbedeutend verwendet.<\/li>\n<\/ol>\n<p><strong>\u00a7 3 Tourenplanung und -durchf\u00fchrung<\/strong> (zu \u00a7 2 der Satzung \u00b4Zweck, Aufgaben und Grunds\u00e4tze\u00b4)<\/p>\n<ol>\n<li>Planung und Durchf\u00fchrung regelm\u00e4\u00dfiger Ausfahrten, Trainingsfahrten sowie die Teilnahme an Radsportveranstaltungen obliegt den Tourenleitern. Die Tourenleiter werden vom Vorstand mit einfacher Mehrheit gew\u00e4hlt. Mitglieder des Vorstands k\u00f6nnen gleichzeitig Tourenleiter sein.<\/li>\n<li>Termine und Ziele der Touren werden Anfang des Jahres auf einer Tourenleitersitzung abgestimmt. Nach M\u00f6glichkeit sollten ausgewogene Touren innerhalb der Woche, Sonntagstouren und Mehrtagestouren, jeweils unterschiedlicher L\u00e4nge und Schwierigkeitsgrad angeboten werden.<\/li>\n<li>Die Teilnahme an den Touren ist mit verkehrssicherem City-, Trekking-, MTB-, Rennrad, Pedelec o.\u00e4. m\u00f6glich. E-Bikes sind aufgrund des h\u00f6heren Gefahrenpotentials und abweichender Verkehrsvorschriften ausgeschlossen.<\/li>\n<li>Jede Tour wird von mindestens einem Tourenleiter geplant und geleitet. W\u00e4hrend der Tour ist auf den Zusammenhalt der Gruppe zu achten. Auf \u00b4schw\u00e4chere\u00b4 Radler ist R\u00fccksicht zu nehmen. Fahrtrichtungs\u00e4nderungen, Halte, Gefahrenstellen sind vom Tourennleiter durch Handzeichen anzuzeigen. Die Stra\u00dfenverkehrsordnung ist einzuhalten.<\/li>\n<li>G\u00e4ste sind willkommen &#8211; sie nehmen auf eigenes Risiko an den Touren teil \u2013 f\u00fcr sie besteht kein Versicherungsschutz \u2013 ein entsprechender Hinweis sollte vom Tourenleiter gegeben werden. Nach ca. 3-maliger Teilnahme sind Gastradler auf die Mitgliedschaft im Verein anzusprechen.<\/li>\n<\/ol>\n<p><strong>\u00a7 4 Abteilungen im Verein<\/strong> (zu \u00a7 4 der Satzung \u00b4Gliederung`)<\/p>\n<ol>\n<li>Im Verein bildet die Sportart \u201eRadfahren\u201c eine Abteilung. Innerhalb dieser Abteilung gibt es die Sparten \u201eFreizeitSport\u201c (=Tourenrad) und \u201eLeistungsSport\u201c (=Rennrad). Die Interessen dieser Sparten sollten durch einen Spartenleiter vertreten werden.<\/li>\n<\/ol>\n<p><strong>\u00a7 5 Erwerb der Mitgliedschaft<\/strong> (zu \u00a7\u00a7 5 u. 6 der Satzung `Mitgliedschaft\u00b4, \u00b4Erwerb der Mitgliedschaft`)<\/p>\n<ol>\n<li>Der Aufnahmeantrag wird auf der Vereins-Website zur Verf\u00fcgung gestellt.<\/li>\n<li>Vorsitzender, stellv. Vorsitzender und Kassenwart informieren sich gegenseitig \u00fcber den Eingang neuer Aufnahmeantr\u00e4ge. Die Daten des neuen Mitglieds werden in die Mitgliederliste aufgenommen. Die Mitgliederliste wird vom Kassenwart gef\u00fchrt.<\/li>\n<li>\u00c4nderungen pers\u00f6nlicher Daten sind vom Mitglied zeitnah und schriftlich anzuzeigen.<\/li>\n<\/ol>\n<p><strong>\u00a7 6 Beendigung der Mitgliedschaft<\/strong> (zu \u00a7 7 der Satzung \u00b4Beendigung der Mitgliedschaft\u00b4)<\/p>\n<ol>\n<li>Die Beendigung der Mitgliedschaft durch das Mitglied ist z.B. durch Austrittsformular, E-Mail oder Brief schriftlich anzuzeigen. Der Ausschluss eines Mitglieds durch den Verein ist in der Satzung geregelt.<\/li>\n<li>Der Austritt eines Mitglieds zum Jahresende wird auch bei Nichteinhalten der 3-Monats-Frist akzeptiert.<\/li>\n<li>Bei Austritt bleiben die Mitgliederdaten \u201eVorname, Name, Eintritts-, Austrittsdatum\u201c weiterhin gespeichert. Die \u00fcbrigen Daten werden bis Ende des auf den Austritt folgenden Jahres gel\u00f6scht.<\/li>\n<li>Bei Tod endet die Mitgliedschaft mit dem Tode. Schriftliche Nachweise sind nicht zu erbringen. Beileidsbekundungen sind durch \u00dcbergabe eines Blumenstrau\u00dfes an n\u00e4chste Angeh\u00f6rige m\u00f6glich.<\/li>\n<\/ol>\n<p><strong>\u00a7 7 Mitgliedsbeitr\u00e4ge<\/strong> (zu \u00a7 8 der Satzung \u00b4Mitgliedsbeitr\u00e4ge\u00b4)<\/p>\n<ol>\n<li>Die H\u00f6he des Jahresbeitrags betr\u00e4gt 20 Euro f\u00fcr Erwachsene, 15 Euro f\u00fcr Kinder\/Jugendliche bis 17 Jahre bzw. Sch\u00fcler und 40 Euro f\u00fcr Familien (Eltern mit eigenen Kindern bis 17 Jahre bzw. Sch\u00fcler). Bei Eintritt im 2. Halbjahr erm\u00e4\u00dfigt sich der Beitrag im Beitrittsjahr um 50%.<\/li>\n<li>Eine Aufnahmegeb\u00fchr wird nicht erhoben.<\/li>\n<li>Der Mitgliedsbeitrag ist im 1. Quartal f\u00e4llig; bei neuen Mitgliedern bis 4 Wochen nach Eintritt.<\/li>\n<li>Der regul\u00e4re Jahresbeitrag wird i.d.R. am 15. Januar per Bankeinzug eingezogen. Auf ausdr\u00fccklichen Wunsch des Mitglieds ist eine \u00dcberweisung durch das Mitglied zul\u00e4ssig.<\/li>\n<li>Ein nach dem 31. M\u00e4rz fehlender Jahresbeitrag wird schriftlich angefordert; ggf. unter Hinzurechnung entstandener Kosten. Ein nach 2 Erinnerungen fehlender Jahresbeitrag stellt eine erhebliche Verletzung satzungsgem\u00e4\u00dfer Verpflichtungen dar und berechtigt zum Ausschluss des s\u00e4umigen Mitglieds.<\/li>\n<\/ol>\n<p><strong>\u00a7 8 Versammlungen, Sitzungen<\/strong> (zu \u00a7\u00a7 13, 14, 15, 16, 17 Mitgliederversammlung, &#8230;)<\/p>\n<ol>\n<li>Erg\u00e4nzend zu den in der Satzung geregelten Mitgliedersammlungen sind Vorstandsitzungen und Tourenleitersitzungen abzuhalten.<\/li>\n<li>Bei \u00b4normalem\u00b4 Jahresverlauf sollten mindesten 2, h\u00f6chsten 4 Vorstandssitzungen j\u00e4hrlich stattfinden. Einberufung und Ablauf obliegt dem Vorsitzenden.<\/li>\n<li>Tourenleitersitzungen werden nach Bedarf abgehalten. Auf der Sitzung Anfang des Jahres werden Termin und Ziele der Touren abgestimmt und anschliessend ver\u00f6ffentlicht.<\/li>\n<\/ol>\n<p><strong>\u00a7 9 Haushaltsplan<\/strong><\/p>\n<ol>\n<li>Der Haushaltsplan wird vom Kassenwart als Erg\u00e4nzung zum Kassenbuch gef\u00fchrt.<\/li>\n<li>\u00dcber den Verlauf des Haushaltsplans informiert der Kassenwart den Vorstand regelm\u00e4\u00dfig. Bei gravierenden Abweichungen ist eine zeitnahe Information an den Vorstands erforderlich.<\/li>\n<\/ol>\n<p><strong>\u00a7 10 Ehrungen<\/strong><\/p>\n<ol>\n<li>Bis 2022 werden Mitglieder ab dem 70. Geburtstage, ab 2023 ab dem 75. Geburtstag und danach jedes 5. Jahr mit einem Blumenstrau\u00df in angemessenem Wert geehrt.<\/li>\n<li>Ehrungen f\u00fcr besonderes Engagement im Verein, besondere Leistung au\u00dferhalb des Vereins oder aus anderen Gr\u00fcnden sind m\u00f6glich. Hier\u00fcber entscheidet im Einzelfall der Vorstand mit einfacher Mehrheit.<\/li>\n<\/ol>\n<p><strong>\u00a7 11 Versicherung<\/strong><\/p>\n<ol>\n<li>Grunds\u00e4tzlich ist jeder Radfahrer selbst f\u00fcr ausreichenden Versicherungsschutz verantwortlich. Als Mitglied im Landessportbund (LSB) k\u00f6nnen erg\u00e4nzende Versicherungsleistungen zur Verf\u00fcgung stehen. Im Bedarfsfall sollte der verbindliche Versicherungsschutz dem jeweils g\u00fcltigen Merkblatt des LSB entnommen werden. Der vom LSB vorgegebene Ablauf ist vom Antragsteller einzuhalten.<\/li>\n<li>Der Versicherungsschutz steht ausschlie\u00dflich Mitgliedern des RS-Hemmoor e.V. zur Verf\u00fcgung, nicht jedoch auf Radtouren mitfahrenden G\u00e4sten !<\/li>\n<\/ol>\n\n\n<p><\/p>\n","protected":false},"excerpt":{"rendered":"<p>Stand\u00a0 08.04.2022 \u00a7 1 Grunds\u00e4tzliches Gem\u00e4\u00df \u00a7 21 der Satzung regelt eine Gesch\u00e4ftsordnung die Umsetzung derselben. \u00dcber den Inhalt der Gesch\u00e4ftsordnung entscheidet der Vorstand &#8211; Neufassung, Erg\u00e4nzung und \u00c4nderung sind mit 2\/3 Mehrheit des Vorstands<\/p>\n","protected":false},"author":1,"featured_media":0,"parent":0,"menu_order":0,"comment_status":"closed","ping_status":"closed","template":"","meta":{"footnotes":""},"class_list":["post-2158","page","type-page","status-publish","hentry"],"_links":{"self":[{"href":"https:\/\/rs-hemmoor.de\/neues%2026\/index.php?rest_route=\/wp\/v2\/pages\/2158","targetHints":{"allow":["GET"]}}],"collection":[{"href":"https:\/\/rs-hemmoor.de\/neues%2026\/index.php?rest_route=\/wp\/v2\/pages"}],"about":[{"href":"https:\/\/rs-hemmoor.de\/neues%2026\/index.php?rest_route=\/wp\/v2\/types\/page"}],"author":[{"embeddable":true,"href":"https:\/\/rs-hemmoor.de\/neues%2026\/index.php?rest_route=\/wp\/v2\/users\/1"}],"replies":[{"embeddable":true,"href":"https:\/\/rs-hemmoor.de\/neues%2026\/index.php?rest_route=%2Fwp%2Fv2%2Fcomments&post=2158"}],"version-history":[{"count":12,"href":"https:\/\/rs-hemmoor.de\/neues%2026\/index.php?rest_route=\/wp\/v2\/pages\/2158\/revisions"}],"predecessor-version":[{"id":11107,"href":"https:\/\/rs-hemmoor.de\/neues%2026\/index.php?rest_route=\/wp\/v2\/pages\/2158\/revisions\/11107"}],"wp:attachment":[{"href":"https:\/\/rs-hemmoor.de\/neues%2026\/index.php?rest_route=%2Fwp%2Fv2%2Fmedia&parent=2158"}],"curies":[{"name":"wp","href":"https:\/\/api.w.org\/{rel}","templated":true}]}}