{"id":809,"date":"2018-11-17T10:36:50","date_gmt":"2018-11-17T10:36:50","guid":{"rendered":"http:\/\/radsportverein-hemmoor.de\/?page_id=809"},"modified":"2025-12-23T14:49:02","modified_gmt":"2025-12-23T14:49:02","slug":"formulare","status":"publish","type":"page","link":"https:\/\/rs-hemmoor.de\/neues%2026\/?page_id=809","title":{"rendered":"Formulare"},"content":{"rendered":"<hr \/>\n<p>\u00a0<\/p>\n<p><img loading=\"lazy\" decoding=\"async\" class=\"wp-image-12376 aligncenter\" src=\"http:\/\/rs-hemmoor.de\/wp-content\/uploads\/2025\/09\/IMG-20250925-WA0023-169x300.jpg\" alt=\"\" width=\"279\" height=\"495\" srcset=\"https:\/\/rs-hemmoor.de\/wp-content\/uploads\/2025\/09\/IMG-20250925-WA0023-169x300.jpg 169w, https:\/\/rs-hemmoor.de\/wp-content\/uploads\/2025\/09\/IMG-20250925-WA0023-576x1024.jpg 576w, https:\/\/rs-hemmoor.de\/wp-content\/uploads\/2025\/09\/IMG-20250925-WA0023-768x1365.jpg 768w, https:\/\/rs-hemmoor.de\/wp-content\/uploads\/2025\/09\/IMG-20250925-WA0023-100x178.jpg 100w, https:\/\/rs-hemmoor.de\/wp-content\/uploads\/2025\/09\/IMG-20250925-WA0023-864x1536.jpg 864w, https:\/\/rs-hemmoor.de\/wp-content\/uploads\/2025\/09\/IMG-20250925-WA0023.jpg 1134w\" sizes=\"auto, (max-width: 279px) 100vw, 279px\" \/><\/p>\n<p>\u00a0<\/p>\n<hr \/>\n<div style=\"text-align: center;\"><strong><span style=\"color: revert; font-size: 1.25rem;\">Hier die aktuell verf\u00fcgbaren Formulare zum Herunterladen<\/span><\/strong><\/div>\n<h6 id=\"cc-m-11477666625\" class=\"j-module n j-spacing \">Einfach Formular ausdrucken, ausf\u00fcllen, unterschreiben und pers\u00f6nlich, per Post oder per E-Mail an den Vorstand. Formlose Schreiben sind ebenfalls m\u00f6glich.<\/h6>\n<div id=\"cc-m-11477666525\" class=\"j-module n j-hr \"><hr \/><\/div>\n<div id=\"cc-m-11480023725\" class=\"j-module n j-downloadDocument \">\n<div class=\"descriptionContainer\" data-name=\"download-description\">\n<div class=\"cc-m-download-file\">\u00a0<\/div>\n<\/div>\n<\/div>\n<ul>\n<li><a href=\"http:\/\/rs-hemmoor.de\/wp-content\/uploads\/2024\/11\/Aufnahmeantrag-241115.pdf\">Aufnahmeantrag<\/a><\/li>\n<li><a href=\"http:\/\/rs-hemmoor.de\/wp-content\/uploads\/2024\/11\/Aenderung-der-gespeicherten-Daten-241115.pdf\">\u00c4nderung der gespeicherten Daten<\/a><\/li>\n<li><a href=\"http:\/\/rs-hemmoor.de\/wp-content\/uploads\/2024\/11\/Bankeinzug-241115.pdf\">Bankeinzug<\/a><\/li>\n<li><a href=\"http:\/\/rs-hemmoor.de\/wp-content\/uploads\/2024\/11\/Kuendigung-241115.pdf\">K\u00fcndigung<\/a><\/li>\n<\/ul>\n<div id=\"cc-m-11480023725\" class=\"j-module n j-downloadDocument \">\n<div class=\"descriptionContainer\" data-name=\"download-description\">\n<div class=\"cc-m-download-file\">\n<div>\u00a0<\/div>\n<\/div>\n<\/div>\n<\/div>\n\n\n<p><\/p>\n","protected":false},"excerpt":{"rendered":"<p>\u00a0 \u00a0 Hier die aktuell verf\u00fcgbaren Formulare zum Herunterladen Einfach Formular ausdrucken, ausf\u00fcllen, unterschreiben und pers\u00f6nlich, per Post oder per E-Mail an den Vorstand. Formlose Schreiben sind ebenfalls m\u00f6glich. \u00a0 Aufnahmeantrag \u00c4nderung der gespeicherten Daten<\/p>\n","protected":false},"author":1,"featured_media":0,"parent":0,"menu_order":0,"comment_status":"closed","ping_status":"closed","template":"","meta":{"footnotes":""},"class_list":["post-809","page","type-page","status-publish","hentry"],"_links":{"self":[{"href":"https:\/\/rs-hemmoor.de\/neues%2026\/index.php?rest_route=\/wp\/v2\/pages\/809","targetHints":{"allow":["GET"]}}],"collection":[{"href":"https:\/\/rs-hemmoor.de\/neues%2026\/index.php?rest_route=\/wp\/v2\/pages"}],"about":[{"href":"https:\/\/rs-hemmoor.de\/neues%2026\/index.php?rest_route=\/wp\/v2\/types\/page"}],"author":[{"embeddable":true,"href":"https:\/\/rs-hemmoor.de\/neues%2026\/index.php?rest_route=\/wp\/v2\/users\/1"}],"replies":[{"embeddable":true,"href":"https:\/\/rs-hemmoor.de\/neues%2026\/index.php?rest_route=%2Fwp%2Fv2%2Fcomments&post=809"}],"version-history":[{"count":57,"href":"https:\/\/rs-hemmoor.de\/neues%2026\/index.php?rest_route=\/wp\/v2\/pages\/809\/revisions"}],"predecessor-version":[{"id":12634,"href":"https:\/\/rs-hemmoor.de\/neues%2026\/index.php?rest_route=\/wp\/v2\/pages\/809\/revisions\/12634"}],"wp:attachment":[{"href":"https:\/\/rs-hemmoor.de\/neues%2026\/index.php?rest_route=%2Fwp%2Fv2%2Fmedia&parent=809"}],"curies":[{"name":"wp","href":"https:\/\/api.w.org\/{rel}","templated":true}]}}