{"id":871,"date":"2018-12-13T17:28:30","date_gmt":"2018-12-13T17:28:30","guid":{"rendered":"http:\/\/radsportverein-hemmoor.de\/?page_id=871"},"modified":"2025-12-25T09:16:55","modified_gmt":"2025-12-25T09:16:55","slug":"partner-sponsoren","status":"publish","type":"page","link":"https:\/\/rs-hemmoor.de\/neues%2026\/?page_id=871","title":{"rendered":"Partner\/Sponsoren"},"content":{"rendered":"<hr \/>\n<h6>\u00a0<\/h6>\n<h6><img loading=\"lazy\" decoding=\"async\" class=\"aligncenter\" src=\"http:\/\/rs-hemmoor.de\/wp-content\/uploads\/2025\/07\/1000004734.jpg\" width=\"426\" height=\"319\" \/><\/h6>\n<h6>Unser Verein wird von Firmen und Personen unterst\u00fctzt. Nachfolgende Aufz\u00e4hlung ist u.U. nicht vollst\u00e4ndig. Die Reihenfolge stellt selbstverst\u00e4ndlich keine Wertung dar.<\/h6>\n<hr \/>\n<p><img loading=\"lazy\" decoding=\"async\" class=\"aligncenter  wp-image-11317\" src=\"http:\/\/rs-hemmoor.de\/wp-content\/uploads\/2025\/04\/Condcordia-scaled-e17447159199701-1024x724.jpg\" alt=\"\" width=\"246\" height=\"174\" srcset=\"https:\/\/rs-hemmoor.de\/wp-content\/uploads\/2025\/04\/Condcordia-scaled-e17447159199701-1024x724.jpg 1024w, https:\/\/rs-hemmoor.de\/wp-content\/uploads\/2025\/04\/Condcordia-scaled-e17447159199701-300x212.jpg 300w, https:\/\/rs-hemmoor.de\/wp-content\/uploads\/2025\/04\/Condcordia-scaled-e17447159199701-768x543.jpg 768w, https:\/\/rs-hemmoor.de\/wp-content\/uploads\/2025\/04\/Condcordia-scaled-e17447159199701-1536x1086.jpg 1536w, https:\/\/rs-hemmoor.de\/wp-content\/uploads\/2025\/04\/Condcordia-scaled-e17447159199701.jpg 1810w\" sizes=\"auto, (max-width: 246px) 100vw, 246px\" \/><\/p>\n<p>Von der Autoversicherung \u00fcber Haftpflicht, Hausrat und Rechtsschutz, Kranken- und Lebensversicherungen bis hin zum Rundum-Schutz f\u00fcr gewerbliche und landwirtschaftliche Betriebe. Des Weiteren werden auch ma\u00dfgeschneiderte L\u00f6sungen f\u00fcr Finanzierungen +\u00a0Bausparen geboten. Die aktiven Mitglieder des Radsportvereins erhalten von der Gesch\u00e4ftsstelle Jacobi Sweatjacken.<\/p>\n<ul>\n<li>Concordia Gesch\u00e4ftsstelle Jacobi\u00a0\u00a0<\/li>\n<li>www.agentur-concordia.de\/ulf-jacobi<\/li>\n<li>Tel: 04771-889340<\/li>\n<li>E-Mail: ulf.jacobi@concordia.de<\/li>\n<\/ul>\n<p>\u00a0<\/p>\n<hr \/>\n<p><img loading=\"lazy\" decoding=\"async\" class=\"aligncenter size-full wp-image-406\" src=\"http:\/\/rs-hemmoor.de\/wp-content\/uploads\/2016\/05\/logo_Rueckenwind2.png\" alt=\"\" width=\"259\" height=\"101\" \/><\/p>\n<p><strong>Ein starker Partner: Wir fahren mit R\u00fcckenwind!<\/strong><\/p>\n<p>R\u00fcckenwind gew\u00e4hrt Vereinsmitglieder einen Rabatt bei Buchung einer Radreise aus den R\u00fcckenwind-Katalogen.<\/p>\n<ul>\n<li>R\u00fcckenwind Reisen GmbH<\/li>\n<li>www.rueckenwind.de<\/li>\n<li>Tel:\u00a0 0441-485970<\/li>\n<li>E-Mail: info@rueckenwind.de<\/li>\n<\/ul>\n<hr \/>\n<p><a href=\"https:\/\/www.vgh.de\/content\/aussendienst\/f\/frerichslengerohg\/\"><img loading=\"lazy\" decoding=\"async\" class=\"wp-image-2103 aligncenter\" src=\"http:\/\/rs-hemmoor.de\/wp-content\/uploads\/2019\/03\/VGH_Flock_FrerichsLenger-1024x593.jpg\" alt=\"\" width=\"242\" height=\"140\" srcset=\"https:\/\/rs-hemmoor.de\/wp-content\/uploads\/2019\/03\/VGH_Flock_FrerichsLenger-1024x593.jpg 1024w, https:\/\/rs-hemmoor.de\/wp-content\/uploads\/2019\/03\/VGH_Flock_FrerichsLenger-300x174.jpg 300w, https:\/\/rs-hemmoor.de\/wp-content\/uploads\/2019\/03\/VGH_Flock_FrerichsLenger-768x445.jpg 768w\" sizes=\"auto, (max-width: 242px) 100vw, 242px\" \/><br \/><\/a><\/p>\n<div class=\"c-icon-text\">\n<div class=\"c-icon-text__heading-line\">\n<div class=\"c-heading c-heading--left\">\n<p class=\"a-headline text-headline-base\">Pers\u00f6nliche Beratung und Kompetenz vor Ort\u00a0 *\u00a0 Ma\u00dfgeschneiderte L\u00f6sungen und flexible Produkte\u00a0 *\u00a0 Schnelle Hilfe im Schadenfall\u00a0 *\u00a0 Seit 1750 f\u00fcreinander da.<\/p>\n<\/div>\n<\/div>\n<\/div>\n<p>Das VGH-B\u00fcro Frerichs &amp; Lenger stellte dem Verein wiederholt Shirts und Westen zur Verf\u00fcgung.<\/p>\n<ul>\n<li>VGH Frerichs &amp; Lenger oHG, Stader Str. 93, 21745 Hemmoor<\/li>\n<li>Tel: 04771-3560<\/li>\n<li>E-Mail: frerichs.lenger@vgh.de<\/li>\n<\/ul>\n<hr \/>\n\n\n<hr class=\"wp-block-separator has-alpha-channel-opacity\"\/>\n\n\n<div class=\"wp-block-image\">\n<figure class=\"aligncenter\"><img loading=\"lazy\" decoding=\"async\" width=\"346\" height=\"92\" src=\"http:\/\/rs-hemmoor.de\/wp-content\/uploads\/2021\/04\/wolf-logo-1.jpg\" alt=\"\" class=\"wp-image-4837\" srcset=\"https:\/\/rs-hemmoor.de\/wp-content\/uploads\/2021\/04\/wolf-logo-1.jpg 346w, https:\/\/rs-hemmoor.de\/wp-content\/uploads\/2021\/04\/wolf-logo-1-300x80.jpg 300w\" sizes=\"auto, (max-width: 346px) 100vw, 346px\" \/><\/figure><\/div>\n\n\n<p>Die Wolf-Apotheke befindet sich im Zentrum von Hemmoor. Inhaber Tobias F\u00e4rber und sein Team bieten umfangreiche Dienstleistungen rund um das Thema Gesundheit. <\/p>\n\n\n\n<ul class=\"wp-block-list\">\n<li><em>Die Wolf-Apotheke stellte dem Verein einmalig Fahrrad-Verbandstaschen zur Verf\u00fcgung<\/em><\/li>\n<\/ul>\n\n\n\n<hr class=\"wp-block-separator has-alpha-channel-opacity\"\/>\n\n\n<div class=\"wp-block-image\">\n<figure class=\"aligncenter is-resized\"><img loading=\"lazy\" decoding=\"async\" width=\"643\" height=\"244\" src=\"http:\/\/rs-hemmoor.de\/wp-content\/uploads\/2019\/03\/Start-Logo_Rand.jpg\" alt=\"\" class=\"wp-image-2097\" style=\"width:257px;height:auto\" srcset=\"https:\/\/rs-hemmoor.de\/wp-content\/uploads\/2019\/03\/Start-Logo_Rand.jpg 643w, https:\/\/rs-hemmoor.de\/wp-content\/uploads\/2019\/03\/Start-Logo_Rand-300x114.jpg 300w\" sizes=\"auto, (max-width: 643px) 100vw, 643px\" \/><\/figure><\/div>\n\n\n<p><em>Start Unterelbe betreibt die Regionalexpress-Linie 5 (RE5) zwischen Cuxhaven und Hamburg und ist von der Kugelbake bis zur Elphi * bequem *engagiert *im Takt *freundlich&nbsp;<\/em><\/p>\n\n\n\n<ul class=\"wp-block-list\">\n<li><em>Nachdem START Unterelbe in den Vorjahren dem Radsportverein gro\u00dfz\u00fcgig Regenjacken zur Verf\u00fcgung gestellte hatte, wurde die Partnerschaft im Fr\u00fchjahr 2025 beendet.\u00a0<\/em><\/li>\n<\/ul>\n\n\n\n<hr class=\"wp-block-separator has-alpha-channel-opacity\"\/>\n","protected":false},"excerpt":{"rendered":"<p>\u00a0 Unser Verein wird von Firmen und Personen unterst\u00fctzt. Nachfolgende Aufz\u00e4hlung ist u.U. nicht vollst\u00e4ndig. Die Reihenfolge stellt selbstverst\u00e4ndlich keine Wertung dar. Von der Autoversicherung \u00fcber Haftpflicht, Hausrat und Rechtsschutz, Kranken- und Lebensversicherungen bis hin<\/p>\n","protected":false},"author":1,"featured_media":0,"parent":0,"menu_order":0,"comment_status":"closed","ping_status":"closed","template":"","meta":{"footnotes":""},"class_list":["post-871","page","type-page","status-publish","hentry"],"_links":{"self":[{"href":"https:\/\/rs-hemmoor.de\/neues%2026\/index.php?rest_route=\/wp\/v2\/pages\/871","targetHints":{"allow":["GET"]}}],"collection":[{"href":"https:\/\/rs-hemmoor.de\/neues%2026\/index.php?rest_route=\/wp\/v2\/pages"}],"about":[{"href":"https:\/\/rs-hemmoor.de\/neues%2026\/index.php?rest_route=\/wp\/v2\/types\/page"}],"author":[{"embeddable":true,"href":"https:\/\/rs-hemmoor.de\/neues%2026\/index.php?rest_route=\/wp\/v2\/users\/1"}],"replies":[{"embeddable":true,"href":"https:\/\/rs-hemmoor.de\/neues%2026\/index.php?rest_route=%2Fwp%2Fv2%2Fcomments&post=871"}],"version-history":[{"count":67,"href":"https:\/\/rs-hemmoor.de\/neues%2026\/index.php?rest_route=\/wp\/v2\/pages\/871\/revisions"}],"predecessor-version":[{"id":12639,"href":"https:\/\/rs-hemmoor.de\/neues%2026\/index.php?rest_route=\/wp\/v2\/pages\/871\/revisions\/12639"}],"wp:attachment":[{"href":"https:\/\/rs-hemmoor.de\/neues%2026\/index.php?rest_route=%2Fwp%2Fv2%2Fmedia&parent=871"}],"curies":[{"name":"wp","href":"https:\/\/api.w.org\/{rel}","templated":true}]}}