{"id":912,"date":"2018-12-17T09:30:58","date_gmt":"2018-12-17T09:30:58","guid":{"rendered":"http:\/\/radsportverein-hemmoor.de\/?page_id=912"},"modified":"2026-05-07T06:39:05","modified_gmt":"2026-05-07T06:39:05","slug":"termine-2","status":"publish","type":"page","link":"https:\/\/rs-hemmoor.de\/neues%2026\/?page_id=912","title":{"rendered":"Termine"},"content":{"rendered":"\n<hr class=\"wp-block-separator has-alpha-channel-opacity\"\/>\n\n\n\n<h6 class=\"wp-block-heading\">&nbsp;<\/h6>\n\n\n<div class=\"wp-block-image\">\n<figure class=\"aligncenter size-large is-resized\"><img loading=\"lazy\" decoding=\"async\" width=\"1024\" height=\"554\" src=\"https:\/\/rs-hemmoor.de\/wp-content\/uploads\/2025\/12\/IMG-20251003-WA0010x-1024x554.jpg\" alt=\"\" class=\"wp-image-12610\" style=\"width:512px;height:auto\" srcset=\"https:\/\/rs-hemmoor.de\/wp-content\/uploads\/2025\/12\/IMG-20251003-WA0010x-1024x554.jpg 1024w, https:\/\/rs-hemmoor.de\/wp-content\/uploads\/2025\/12\/IMG-20251003-WA0010x-300x162.jpg 300w, https:\/\/rs-hemmoor.de\/wp-content\/uploads\/2025\/12\/IMG-20251003-WA0010x-768x416.jpg 768w, https:\/\/rs-hemmoor.de\/wp-content\/uploads\/2025\/12\/IMG-20251003-WA0010x-100x54.jpg 100w, https:\/\/rs-hemmoor.de\/wp-content\/uploads\/2025\/12\/IMG-20251003-WA0010x-1536x832.jpg 1536w, https:\/\/rs-hemmoor.de\/wp-content\/uploads\/2025\/12\/IMG-20251003-WA0010x.jpg 1581w\" sizes=\"auto, (max-width: 1024px) 100vw, 1024px\" \/><\/figure><\/div>\n\n\n<p class=\"has-text-align-center\"><strong>Der RS Hemmoor e.V. bietet seinen Mitgliedern eine Vielzahl abwechslungsreicher Fahrradtouren und geselliger Veranstaltungen<\/strong><\/p>\n\n\n\n<hr class=\"wp-block-separator has-alpha-channel-opacity\"\/>\n\n\n\n<h2 class=\"wp-block-heading\">Regelm\u00e4\u00dfige Touren<\/h2>\n\n\n\n<p>Die regelm\u00e4\u00dfigen Touren beginnen nach dem Anradeln am 29.03.26 und enden im 11.10.26:<\/p>\n\n\n\n<ul class=\"wp-block-list\">\n<li><strong>Montag:&nbsp; Rennradtrainingsfahrt (ab 13.04.26) &#8211; <\/strong>13:30 Uhr B\u00f6rdehalle Lamstedt, 14:00 Uhr Bahnhof Hemmoor<\/li>\n\n\n\n<li><strong>Montag:<\/strong>&nbsp; <strong>Wochenstartertour<\/strong> &#8211; 15:00 Uhr G\u00fcterschuppen Hemmoor<\/li>\n\n\n\n<li><strong>Dienstag:&nbsp; Kaffeetour <\/strong>&#8211; 15:00 Uhr G\u00fcterschuppen Hemmoor<\/li>\n\n\n\n<li><strong>Donnerstag:&nbsp; Erlebnistour <\/strong>&#8211; 15:00 Uhr G\u00fcterschuppen Hemmoor<\/li>\n\n\n\n<li><strong>Freitag:&nbsp; Feierabendtour <\/strong>&#8211; 17:00 Uhr (ab Okt 16:00 Uhr) G\u00fcterschuppen Hemmoor<\/li>\n\n\n\n<li>&nbsp;<\/li>\n\n\n\n<li><em>Abweichende Abfahrzeiten an einzelnen Terminen sind m\u00f6glich<\/em><\/li>\n\n\n\n<li><em>An Feiertagen entf\u00e4llt die Tour in der Regel<\/em><\/li>\n<\/ul>\n\n\n\n<hr class=\"wp-block-separator has-alpha-channel-opacity\"\/>\n\n\n\n<h2 class=\"wp-block-heading\">Erlebnistouren<\/h2>\n\n\n\n<ul class=\"wp-block-list\">\n<li>Do 07.05.26  &#8222;<strong>Wandel eines Dorfes<\/strong>&#8220; &#8211; Lichtbildervortrag von Michael Schwieger, Hollen<\/li>\n\n\n\n<li>Do 21.05.26  <strong>Obsthof Dieter Mahler<\/strong>, Hechthausen<\/li>\n\n\n\n<li>Do 28.05.26  <strong>Die Bienen Summen<\/strong> &#8211; bei Imker Kersten<\/li>\n<\/ul>\n\n\n\n<hr class=\"wp-block-separator has-alpha-channel-opacity\"\/>\n\n\n\n<h2 class=\"wp-block-heading\">Weitere Termine<\/h2>\n\n\n\n<ul class=\"wp-block-list\">\n<li>Sa 09.05.26&nbsp; &nbsp;<strong>3-Tagestour &#8222;Verden &#8211; Dom- und Pferdestadt&#8220;<\/strong><\/li>\n\n\n\n<li>Di 26.05.26   Rennrad: 4-Tagestour nach Gronningen<\/li>\n\n\n\n<li>Sa 30.05.26  STADTRADELN &#8211; <strong>Staffel\u00fcbergabe<\/strong><\/li>\n\n\n\n<li>Sa 06.06.26  Rennrad: Oste Bremerv\u00f6rde<\/li>\n\n\n\n<li>Sa 13.06.26&nbsp; <strong>Elmshorn<\/strong><\/li>\n\n\n\n<li>Mo 15.06.26 Rennrad: Fischbr\u00f6tchentour nach Dorum-Neufeld<\/li>\n\n\n\n<li>Mi 17.06,26&nbsp; &nbsp;Anmeldeschluss<strong> &#8222;<\/strong>Sommerfest&#8220;<\/li>\n\n\n\n<li>Sa 27.06.26&nbsp; &nbsp;<strong>Sommerfest<\/strong><\/li>\n\n\n\n<li>So 28.06.26   Rennrad: Muskeltour Westerstede<\/li>\n\n\n\n<li>So 12.07.26&nbsp; &nbsp;<strong>4-Tagestour &#8222;L\u00fcbeck &#8211; Marzipan und Ostsee&#8220;<\/strong><\/li>\n\n\n\n<li>So 19.07.26   Rennrad: Rund um Stade<\/li>\n\n\n\n<li>Mo 27.07.26  Rennrad: Elbetour nach Schleswig-Holstein &#8211; Hamburg<\/li>\n\n\n\n<li>Sa 01.08.26   Rennrad: 3-Tagestour Schleswig-Holstein<\/li>\n\n\n\n<li>So 09.08.26&nbsp; &nbsp;<strong>Leuchtturm <\/strong><strong>Balje<\/strong><\/li>\n\n\n\n<li>So 16.08.26   Rennrad: ADAC Cyclassic Hamburg<\/li>\n\n\n\n<li>So 30.08.26   Rennrad: GFNY Bremen<\/li>\n\n\n\n<li>So 06.09.26&nbsp; &nbsp;<strong>3-Tagestour &#8222;B\u00fcsum &#8211; An der Nordseek\u00fcste&#8220;<\/strong><\/li>\n\n\n\n<li>Sa 12.09.26   Rennrad: 8. Weser-Elbe-Radmarathon<\/li>\n\n\n\n<li>Sa 26.09.26\u00a0 \u00a0 <strong>L\u00fctte Wiesn-Gaudi<\/strong> bei der <strong>Wasserskianlage Neuhaus<\/strong><\/li>\n\n\n\n<li>Sa 03.10.26   Rennrad: Sparkasse Velo M\u00fcnsterland<\/li>\n\n\n\n<li>So 11.10.26&nbsp; &nbsp;<strong>Abradeln<\/strong><\/li>\n\n\n\n<li>Sa 12.12.26   <strong>Weihnachtsfeier<\/strong><br><\/li>\n<\/ul>\n\n\n\n<p><\/p>\n","protected":false},"excerpt":{"rendered":"<p>&nbsp; Der RS Hemmoor e.V. bietet seinen Mitgliedern eine Vielzahl abwechslungsreicher Fahrradtouren und geselliger Veranstaltungen Regelm\u00e4\u00dfige Touren Die regelm\u00e4\u00dfigen Touren beginnen nach dem Anradeln am 29.03.26 und enden im 11.10.26: Erlebnistouren Weitere Termine<\/p>\n","protected":false},"author":1,"featured_media":0,"parent":0,"menu_order":0,"comment_status":"closed","ping_status":"closed","template":"","meta":{"footnotes":""},"class_list":["post-912","page","type-page","status-publish","hentry"],"_links":{"self":[{"href":"https:\/\/rs-hemmoor.de\/neues%2026\/index.php?rest_route=\/wp\/v2\/pages\/912","targetHints":{"allow":["GET"]}}],"collection":[{"href":"https:\/\/rs-hemmoor.de\/neues%2026\/index.php?rest_route=\/wp\/v2\/pages"}],"about":[{"href":"https:\/\/rs-hemmoor.de\/neues%2026\/index.php?rest_route=\/wp\/v2\/types\/page"}],"author":[{"embeddable":true,"href":"https:\/\/rs-hemmoor.de\/neues%2026\/index.php?rest_route=\/wp\/v2\/users\/1"}],"replies":[{"embeddable":true,"href":"https:\/\/rs-hemmoor.de\/neues%2026\/index.php?rest_route=%2Fwp%2Fv2%2Fcomments&post=912"}],"version-history":[{"count":549,"href":"https:\/\/rs-hemmoor.de\/neues%2026\/index.php?rest_route=\/wp\/v2\/pages\/912\/revisions"}],"predecessor-version":[{"id":12957,"href":"https:\/\/rs-hemmoor.de\/neues%2026\/index.php?rest_route=\/wp\/v2\/pages\/912\/revisions\/12957"}],"wp:attachment":[{"href":"https:\/\/rs-hemmoor.de\/neues%2026\/index.php?rest_route=%2Fwp%2Fv2%2Fmedia&parent=912"}],"curies":[{"name":"wp","href":"https:\/\/api.w.org\/{rel}","templated":true}]}}